{"id":55019,"date":"2017-04-03T15:18:15","date_gmt":"2017-04-03T13:18:15","guid":{"rendered":"http:\/\/shipyard.intago.eu\/buyckdisplays\/product\/haken-voor-netdisplays\/"},"modified":"2025-03-06T10:06:31","modified_gmt":"2025-03-06T09:06:31","slug":"doppelhaken-fuer-gitterwand-bu-40-10-075","status":"publish","type":"product","link":"https:\/\/buyck-displays.com\/de\/doppelhaken-fuer-gitterwand-bu-40-10-075","title":{"rendered":"Doppelhaken f\u00fcr Gitterwand"},"content":{"rendered":"<p>Dieser stabile Doppelhaken kann in Kombination mit unserem Sortiment an <span style=\"color: #3366ff;\"><strong><a style=\"color: #3366ff;\" href=\"https:\/\/buyck-displays.com\/de\/displays\/standard-displays-de\/haken-displays\">Verkaufsst\u00e4nders mit Gitterwand<\/a><\/strong><\/span> verwendet werden.<\/p>\n<div class=\"product-description\">\n<p>Ideal f\u00fcr die sch\u00f6ne und praktische Pr\u00e4sentation all Ihrer Artikel in Blisterverpackungen. Erh\u00e4ltlich in 5 verschiedenen L\u00e4ngen.<\/p>\n<ul>\n<li>L\u00e4nge: 7,5 cm<\/li>\n<li>Breite: 2,7 cm<\/li>\n<li>Standardfarbe: Weiss<\/li>\n<\/ul>\n<\/div>\n","protected":false},"excerpt":{"rendered":"<p>Dieser stabile Doppelhaken kann in Kombination mit unserem Sortiment an Verkaufsst\u00e4nders mit Gitterwand verwendet werden. Ideal f\u00fcr die sch\u00f6ne und praktische Pr\u00e4sentation all Ihrer Artikel in Blisterverpackungen. Erh\u00e4ltlich in 5 verschiedenen L\u00e4ngen. L\u00e4nge: 7,5 cm Breite: 2,7 cm Standardfarbe: Weiss<\/p>\n","protected":false},"featured_media":67335,"comment_status":"closed","ping_status":"closed","template":"","meta":{"_acf_changed":false},"product_brand":[],"product_cat":[189,486,552],"product_tag":[],"class_list":{"0":"post-55019","1":"product","2":"type-product","3":"status-publish","4":"has-post-thumbnail","6":"product_cat-standard-displays-de","7":"product_cat-haken-de","8":"product_cat-zubehoer","10":"first","11":"instock","12":"taxable","13":"shipping-taxable","14":"purchasable","15":"product-type-simple"},"acf":[],"yoast_head":"<!-- This site is optimized with the Yoast SEO plugin v27.6 - https:\/\/yoast.com\/product\/yoast-seo-wordpress\/ -->\n<title>Doppelhaken f\u00fcr Gitterwand - Buyck Displays - Haken f\u00fcr Gitterwand<\/title>\n<meta name=\"description\" content=\"Dieser Doppelhaken mit einer L\u00e4nge von 7,5 cm, kann in Kombination mit unserem Sortiment an Verkaufsst\u00e4nders mit Gitterwand verwendet werden.\" \/>\n<meta name=\"robots\" content=\"index, follow, max-snippet:-1, max-image-preview:large, max-video-preview:-1\" \/>\n<link rel=\"canonical\" href=\"https:\/\/buyck-displays.com\/de\/doppelhaken-fuer-gitterwand-bu-40-10-075\" \/>\n<meta property=\"og:locale\" content=\"de_DE\" \/>\n<meta property=\"og:type\" content=\"article\" \/>\n<meta property=\"og:title\" content=\"Doppelhaken f\u00fcr Gitterwand - Buyck Displays - Haken f\u00fcr Gitterwand\" \/>\n<meta property=\"og:description\" content=\"Dieser Doppelhaken mit einer L\u00e4nge von 7,5 cm, kann in Kombination mit unserem Sortiment an Verkaufsst\u00e4nders mit Gitterwand verwendet werden.\" \/>\n<meta property=\"og:url\" content=\"https:\/\/buyck-displays.com\/de\/doppelhaken-fuer-gitterwand-bu-40-10-075\" \/>\n<meta property=\"og:site_name\" content=\"Buyck Displays\" \/>\n<meta property=\"article:modified_time\" content=\"2025-03-06T09:06:31+00:00\" \/>\n<meta property=\"og:image\" content=\"https:\/\/buyck-displays.com\/wp-content\/uploads\/2017\/04\/BU-40-10-075.jpg\" \/>\n\t<meta property=\"og:image:width\" content=\"513\" \/>\n\t<meta property=\"og:image:height\" content=\"522\" \/>\n\t<meta property=\"og:image:type\" content=\"image\/jpeg\" \/>\n<meta name=\"twitter:card\" content=\"summary_large_image\" \/>\n<meta name=\"twitter:label1\" content=\"Gesch\u00e4tzte Lesezeit\" \/>\n\t<meta name=\"twitter:data1\" content=\"1\u00a0Minute\" \/>\n<script type=\"application\/ld+json\" class=\"yoast-schema-graph\">{\"@context\":\"https:\\\/\\\/schema.org\",\"@graph\":[{\"@type\":\"WebPage\",\"@id\":\"https:\\\/\\\/buyck-displays.com\\\/de\\\/doppelhaken-fuer-gitterwand-bu-40-10-075\",\"url\":\"https:\\\/\\\/buyck-displays.com\\\/de\\\/doppelhaken-fuer-gitterwand-bu-40-10-075\",\"name\":\"Doppelhaken f\u00fcr Gitterwand - Buyck Displays - Haken f\u00fcr Gitterwand\",\"isPartOf\":{\"@id\":\"https:\\\/\\\/buyck-displays.com\\\/de#website\"},\"primaryImageOfPage\":{\"@id\":\"https:\\\/\\\/buyck-displays.com\\\/de\\\/doppelhaken-fuer-gitterwand-bu-40-10-075#primaryimage\"},\"image\":{\"@id\":\"https:\\\/\\\/buyck-displays.com\\\/de\\\/doppelhaken-fuer-gitterwand-bu-40-10-075#primaryimage\"},\"thumbnailUrl\":\"https:\\\/\\\/buyck-displays.com\\\/wp-content\\\/uploads\\\/2017\\\/04\\\/BU-40-10-075.jpg\",\"datePublished\":\"2017-04-03T13:18:15+00:00\",\"dateModified\":\"2025-03-06T09:06:31+00:00\",\"description\":\"Dieser Doppelhaken mit einer L\u00e4nge von 7,5 cm, kann in Kombination mit unserem Sortiment an Verkaufsst\u00e4nders mit Gitterwand verwendet werden.\",\"breadcrumb\":{\"@id\":\"https:\\\/\\\/buyck-displays.com\\\/de\\\/doppelhaken-fuer-gitterwand-bu-40-10-075#breadcrumb\"},\"inLanguage\":\"de\",\"potentialAction\":[{\"@type\":\"ReadAction\",\"target\":[\"https:\\\/\\\/buyck-displays.com\\\/de\\\/doppelhaken-fuer-gitterwand-bu-40-10-075\"]}]},{\"@type\":\"ImageObject\",\"inLanguage\":\"de\",\"@id\":\"https:\\\/\\\/buyck-displays.com\\\/de\\\/doppelhaken-fuer-gitterwand-bu-40-10-075#primaryimage\",\"url\":\"https:\\\/\\\/buyck-displays.com\\\/wp-content\\\/uploads\\\/2017\\\/04\\\/BU-40-10-075.jpg\",\"contentUrl\":\"https:\\\/\\\/buyck-displays.com\\\/wp-content\\\/uploads\\\/2017\\\/04\\\/BU-40-10-075.jpg\",\"width\":513,\"height\":522},{\"@type\":\"BreadcrumbList\",\"@id\":\"https:\\\/\\\/buyck-displays.com\\\/de\\\/doppelhaken-fuer-gitterwand-bu-40-10-075#breadcrumb\",\"itemListElement\":[{\"@type\":\"ListItem\",\"position\":1,\"name\":\"Home\",\"item\":\"https:\\\/\\\/buyck-displays.com\\\/de\"},{\"@type\":\"ListItem\",\"position\":2,\"name\":\"Displays\",\"item\":\"https:\\\/\\\/buyck-displays.com\\\/de\\\/produkte\"},{\"@type\":\"ListItem\",\"position\":3,\"name\":\"Doppelhaken f\u00fcr Gitterwand\"}]},{\"@type\":\"WebSite\",\"@id\":\"https:\\\/\\\/buyck-displays.com\\\/de#website\",\"url\":\"https:\\\/\\\/buyck-displays.com\\\/de\",\"name\":\"Buyck Displays\",\"description\":\"Standaard en Maatwerk Displays\",\"potentialAction\":[{\"@type\":\"SearchAction\",\"target\":{\"@type\":\"EntryPoint\",\"urlTemplate\":\"https:\\\/\\\/buyck-displays.com\\\/de?s={search_term_string}\"},\"query-input\":{\"@type\":\"PropertyValueSpecification\",\"valueRequired\":true,\"valueName\":\"search_term_string\"}}],\"inLanguage\":\"de\"}]}<\/script>\n<!-- \/ Yoast SEO plugin. -->","yoast_head_json":{"title":"Doppelhaken f\u00fcr Gitterwand - Buyck Displays - Haken f\u00fcr Gitterwand","description":"Dieser Doppelhaken mit einer L\u00e4nge von 7,5 cm, kann in Kombination mit unserem Sortiment an Verkaufsst\u00e4nders mit Gitterwand verwendet werden.","robots":{"index":"index","follow":"follow","max-snippet":"max-snippet:-1","max-image-preview":"max-image-preview:large","max-video-preview":"max-video-preview:-1"},"canonical":"https:\/\/buyck-displays.com\/de\/doppelhaken-fuer-gitterwand-bu-40-10-075","og_locale":"de_DE","og_type":"article","og_title":"Doppelhaken f\u00fcr Gitterwand - Buyck Displays - Haken f\u00fcr Gitterwand","og_description":"Dieser Doppelhaken mit einer L\u00e4nge von 7,5 cm, kann in Kombination mit unserem Sortiment an Verkaufsst\u00e4nders mit Gitterwand verwendet werden.","og_url":"https:\/\/buyck-displays.com\/de\/doppelhaken-fuer-gitterwand-bu-40-10-075","og_site_name":"Buyck Displays","article_modified_time":"2025-03-06T09:06:31+00:00","og_image":[{"width":513,"height":522,"url":"https:\/\/buyck-displays.com\/wp-content\/uploads\/2017\/04\/BU-40-10-075.jpg","type":"image\/jpeg"}],"twitter_card":"summary_large_image","twitter_misc":{"Gesch\u00e4tzte Lesezeit":"1\u00a0Minute"},"schema":{"@context":"https:\/\/schema.org","@graph":[{"@type":"WebPage","@id":"https:\/\/buyck-displays.com\/de\/doppelhaken-fuer-gitterwand-bu-40-10-075","url":"https:\/\/buyck-displays.com\/de\/doppelhaken-fuer-gitterwand-bu-40-10-075","name":"Doppelhaken f\u00fcr Gitterwand - Buyck Displays - Haken f\u00fcr Gitterwand","isPartOf":{"@id":"https:\/\/buyck-displays.com\/de#website"},"primaryImageOfPage":{"@id":"https:\/\/buyck-displays.com\/de\/doppelhaken-fuer-gitterwand-bu-40-10-075#primaryimage"},"image":{"@id":"https:\/\/buyck-displays.com\/de\/doppelhaken-fuer-gitterwand-bu-40-10-075#primaryimage"},"thumbnailUrl":"https:\/\/buyck-displays.com\/wp-content\/uploads\/2017\/04\/BU-40-10-075.jpg","datePublished":"2017-04-03T13:18:15+00:00","dateModified":"2025-03-06T09:06:31+00:00","description":"Dieser Doppelhaken mit einer L\u00e4nge von 7,5 cm, kann in Kombination mit unserem Sortiment an Verkaufsst\u00e4nders mit Gitterwand verwendet werden.","breadcrumb":{"@id":"https:\/\/buyck-displays.com\/de\/doppelhaken-fuer-gitterwand-bu-40-10-075#breadcrumb"},"inLanguage":"de","potentialAction":[{"@type":"ReadAction","target":["https:\/\/buyck-displays.com\/de\/doppelhaken-fuer-gitterwand-bu-40-10-075"]}]},{"@type":"ImageObject","inLanguage":"de","@id":"https:\/\/buyck-displays.com\/de\/doppelhaken-fuer-gitterwand-bu-40-10-075#primaryimage","url":"https:\/\/buyck-displays.com\/wp-content\/uploads\/2017\/04\/BU-40-10-075.jpg","contentUrl":"https:\/\/buyck-displays.com\/wp-content\/uploads\/2017\/04\/BU-40-10-075.jpg","width":513,"height":522},{"@type":"BreadcrumbList","@id":"https:\/\/buyck-displays.com\/de\/doppelhaken-fuer-gitterwand-bu-40-10-075#breadcrumb","itemListElement":[{"@type":"ListItem","position":1,"name":"Home","item":"https:\/\/buyck-displays.com\/de"},{"@type":"ListItem","position":2,"name":"Displays","item":"https:\/\/buyck-displays.com\/de\/produkte"},{"@type":"ListItem","position":3,"name":"Doppelhaken f\u00fcr Gitterwand"}]},{"@type":"WebSite","@id":"https:\/\/buyck-displays.com\/de#website","url":"https:\/\/buyck-displays.com\/de","name":"Buyck Displays","description":"Standaard en Maatwerk Displays","potentialAction":[{"@type":"SearchAction","target":{"@type":"EntryPoint","urlTemplate":"https:\/\/buyck-displays.com\/de?s={search_term_string}"},"query-input":{"@type":"PropertyValueSpecification","valueRequired":true,"valueName":"search_term_string"}}],"inLanguage":"de"}]}},"_links":{"self":[{"href":"https:\/\/buyck-displays.com\/de\/wp-json\/wp\/v2\/product\/55019","targetHints":{"allow":["GET"]}}],"collection":[{"href":"https:\/\/buyck-displays.com\/de\/wp-json\/wp\/v2\/product"}],"about":[{"href":"https:\/\/buyck-displays.com\/de\/wp-json\/wp\/v2\/types\/product"}],"replies":[{"embeddable":true,"href":"https:\/\/buyck-displays.com\/de\/wp-json\/wp\/v2\/comments?post=55019"}],"wp:featuredmedia":[{"embeddable":true,"href":"https:\/\/buyck-displays.com\/de\/wp-json\/wp\/v2\/media\/67335"}],"wp:attachment":[{"href":"https:\/\/buyck-displays.com\/de\/wp-json\/wp\/v2\/media?parent=55019"}],"wp:term":[{"taxonomy":"product_brand","embeddable":true,"href":"https:\/\/buyck-displays.com\/de\/wp-json\/wp\/v2\/product_brand?post=55019"},{"taxonomy":"product_cat","embeddable":true,"href":"https:\/\/buyck-displays.com\/de\/wp-json\/wp\/v2\/product_cat?post=55019"},{"taxonomy":"product_tag","embeddable":true,"href":"https:\/\/buyck-displays.com\/de\/wp-json\/wp\/v2\/product_tag?post=55019"}],"curies":[{"name":"wp","href":"https:\/\/api.w.org\/{rel}","templated":true}]}}