{"id":54987,"date":"2017-04-03T15:13:33","date_gmt":"2017-04-03T13:13:33","guid":{"rendered":"http:\/\/shipyard.intago.eu\/buyckdisplays\/product\/display-voor-sleutelhangers\/"},"modified":"2024-10-17T09:56:56","modified_gmt":"2024-10-17T07:56:56","slug":"thekenstaender-mit-festen-einzelhaken-pw065","status":"publish","type":"product","link":"https:\/\/buyck-displays.com\/de\/thekenstaender-mit-festen-einzelhaken-pw065","title":{"rendered":"Thekenst\u00e4nder mit festen Einzelhaken"},"content":{"rendered":"<div>\n<p>Thekenst\u00e4nder aus metall mit festen Einzelhaken f\u00fcr blisterpackung, schl\u00fcsselanh\u00e4ngers oder andere kleine Gegenst\u00e4nde.<\/p>\n<ul>\n<li>13 Haken =\n<ul>\n<li>oben: 1 Etage mit 7 Haken<\/li>\n<li>unten: 1 Etage mit 6 Haken<\/li>\n<\/ul>\n<\/li>\n<li>Gr\u00f6\u00dfe:\n<ul>\n<li>H\u00f6he: 55 cm<\/li>\n<li>abstand zwischen die etagen: 19,5 cm<\/li>\n<li>durchmesser Etagen : 33 cm<\/li>\n<li>Fuss : 3 Beine von 17,5 cm<\/li>\n<\/ul>\n<\/li>\n<li>mit Logohalterung<\/li>\n<li>drehbar<\/li>\n<li>Farbe: Weiss <em>(auch in Silber erh\u00e4ltlich, siehe <a href=\"https:\/\/buyck-displays.com\/de\/thekenstaender-mit-festen-einzelhaken-pw065-s\"><span style=\"color: #3366ff;\"><strong>PW065-S<\/strong><\/span><\/a>)<\/em><\/li>\n<li>Verpackung:\n<ul>\n<li>1 Paket: 71 cm x 64 cm x 38 cm<\/li>\n<\/ul>\n<\/li>\n<\/ul>\n<\/div>\n","protected":false},"excerpt":{"rendered":"<p>Thekenst\u00e4nder aus metall mit festen Einzelhaken f\u00fcr blisterpackung, schl\u00fcsselanh\u00e4ngers oder andere kleine Gegenst\u00e4nde. 13 Haken = oben: 1 Etage mit 7 Haken unten: 1 Etage mit 6 Haken Gr\u00f6\u00dfe: H\u00f6he: 55 cm abstand zwischen die etagen: 19,5 cm durchmesser Etagen : 33 cm Fuss : 3 Beine von 17,5 cm mit Logohalterung drehbar Farbe: Weiss &hellip; <a href=\"https:\/\/buyck-displays.com\/de\/thekenstaender-mit-festen-einzelhaken-pw065\">Fortsetzung<\/a><\/p>\n","protected":false},"featured_media":65956,"comment_status":"closed","ping_status":"closed","template":"","meta":{"_acf_changed":false},"product_brand":[],"product_cat":[189,249,239,246],"product_tag":[],"class_list":{"0":"post-54987","1":"product","2":"type-product","3":"status-publish","4":"has-post-thumbnail","6":"product_cat-standard-displays-de","7":"product_cat-geschenke-displays","8":"product_cat-haken-displays","9":"product_cat-schluesselanhaenger-displays","11":"first","12":"instock","13":"taxable","14":"shipping-taxable","15":"purchasable","16":"product-type-simple"},"acf":[],"yoast_head":"<!-- This site is optimized with the Yoast SEO plugin v27.6 - https:\/\/yoast.com\/product\/yoast-seo-wordpress\/ -->\n<title>Thekenst\u00e4nder mit festen Einzelhaken - Buyck Displays<\/title>\n<meta name=\"description\" content=\"Thekenst\u00e4nder aus metall mit festen Einzelhaken f\u00fcr blisterpackung, schl\u00fcsselanh\u00e4ngers oder andere kleine Gegenst\u00e4nde.\" \/>\n<meta name=\"robots\" content=\"index, follow, max-snippet:-1, max-image-preview:large, max-video-preview:-1\" \/>\n<link rel=\"canonical\" href=\"https:\/\/buyck-displays.com\/de\/thekenstaender-mit-festen-einzelhaken-pw065\" \/>\n<meta property=\"og:locale\" content=\"de_DE\" \/>\n<meta property=\"og:type\" content=\"article\" \/>\n<meta property=\"og:title\" content=\"Thekenst\u00e4nder mit festen Einzelhaken - Buyck Displays\" \/>\n<meta property=\"og:description\" content=\"Thekenst\u00e4nder aus metall mit festen Einzelhaken f\u00fcr blisterpackung, schl\u00fcsselanh\u00e4ngers oder andere kleine Gegenst\u00e4nde.\" \/>\n<meta property=\"og:url\" content=\"https:\/\/buyck-displays.com\/de\/thekenstaender-mit-festen-einzelhaken-pw065\" \/>\n<meta property=\"og:site_name\" content=\"Buyck Displays\" \/>\n<meta property=\"article:modified_time\" content=\"2024-10-17T07:56:56+00:00\" \/>\n<meta property=\"og:image\" content=\"https:\/\/buyck-displays.com\/wp-content\/uploads\/2017\/04\/PW065-1.jpg\" \/>\n\t<meta property=\"og:image:width\" content=\"1850\" \/>\n\t<meta property=\"og:image:height\" content=\"2520\" \/>\n\t<meta property=\"og:image:type\" content=\"image\/jpeg\" \/>\n<meta name=\"twitter:card\" content=\"summary_large_image\" \/>\n<meta name=\"twitter:label1\" content=\"Gesch\u00e4tzte Lesezeit\" \/>\n\t<meta name=\"twitter:data1\" content=\"1\u00a0Minute\" \/>\n<script type=\"application\/ld+json\" class=\"yoast-schema-graph\">{\"@context\":\"https:\\\/\\\/schema.org\",\"@graph\":[{\"@type\":\"WebPage\",\"@id\":\"https:\\\/\\\/buyck-displays.com\\\/de\\\/thekenstaender-mit-festen-einzelhaken-pw065\",\"url\":\"https:\\\/\\\/buyck-displays.com\\\/de\\\/thekenstaender-mit-festen-einzelhaken-pw065\",\"name\":\"Thekenst\u00e4nder mit festen Einzelhaken - Buyck Displays\",\"isPartOf\":{\"@id\":\"https:\\\/\\\/buyck-displays.com\\\/de#website\"},\"primaryImageOfPage\":{\"@id\":\"https:\\\/\\\/buyck-displays.com\\\/de\\\/thekenstaender-mit-festen-einzelhaken-pw065#primaryimage\"},\"image\":{\"@id\":\"https:\\\/\\\/buyck-displays.com\\\/de\\\/thekenstaender-mit-festen-einzelhaken-pw065#primaryimage\"},\"thumbnailUrl\":\"https:\\\/\\\/buyck-displays.com\\\/wp-content\\\/uploads\\\/2017\\\/04\\\/PW065-1.jpg\",\"datePublished\":\"2017-04-03T13:13:33+00:00\",\"dateModified\":\"2024-10-17T07:56:56+00:00\",\"description\":\"Thekenst\u00e4nder aus metall mit festen Einzelhaken f\u00fcr blisterpackung, schl\u00fcsselanh\u00e4ngers oder andere kleine Gegenst\u00e4nde.\",\"breadcrumb\":{\"@id\":\"https:\\\/\\\/buyck-displays.com\\\/de\\\/thekenstaender-mit-festen-einzelhaken-pw065#breadcrumb\"},\"inLanguage\":\"de\",\"potentialAction\":[{\"@type\":\"ReadAction\",\"target\":[\"https:\\\/\\\/buyck-displays.com\\\/de\\\/thekenstaender-mit-festen-einzelhaken-pw065\"]}]},{\"@type\":\"ImageObject\",\"inLanguage\":\"de\",\"@id\":\"https:\\\/\\\/buyck-displays.com\\\/de\\\/thekenstaender-mit-festen-einzelhaken-pw065#primaryimage\",\"url\":\"https:\\\/\\\/buyck-displays.com\\\/wp-content\\\/uploads\\\/2017\\\/04\\\/PW065-1.jpg\",\"contentUrl\":\"https:\\\/\\\/buyck-displays.com\\\/wp-content\\\/uploads\\\/2017\\\/04\\\/PW065-1.jpg\",\"width\":1850,\"height\":2520},{\"@type\":\"BreadcrumbList\",\"@id\":\"https:\\\/\\\/buyck-displays.com\\\/de\\\/thekenstaender-mit-festen-einzelhaken-pw065#breadcrumb\",\"itemListElement\":[{\"@type\":\"ListItem\",\"position\":1,\"name\":\"Home\",\"item\":\"https:\\\/\\\/buyck-displays.com\\\/de\"},{\"@type\":\"ListItem\",\"position\":2,\"name\":\"Displays\",\"item\":\"https:\\\/\\\/buyck-displays.com\\\/de\\\/produkte\"},{\"@type\":\"ListItem\",\"position\":3,\"name\":\"Thekenst\u00e4nder mit festen Einzelhaken\"}]},{\"@type\":\"WebSite\",\"@id\":\"https:\\\/\\\/buyck-displays.com\\\/de#website\",\"url\":\"https:\\\/\\\/buyck-displays.com\\\/de\",\"name\":\"Buyck Displays\",\"description\":\"Standaard en Maatwerk Displays\",\"potentialAction\":[{\"@type\":\"SearchAction\",\"target\":{\"@type\":\"EntryPoint\",\"urlTemplate\":\"https:\\\/\\\/buyck-displays.com\\\/de?s={search_term_string}\"},\"query-input\":{\"@type\":\"PropertyValueSpecification\",\"valueRequired\":true,\"valueName\":\"search_term_string\"}}],\"inLanguage\":\"de\"}]}<\/script>\n<!-- \/ Yoast SEO plugin. -->","yoast_head_json":{"title":"Thekenst\u00e4nder mit festen Einzelhaken - Buyck Displays","description":"Thekenst\u00e4nder aus metall mit festen Einzelhaken f\u00fcr blisterpackung, schl\u00fcsselanh\u00e4ngers oder andere kleine Gegenst\u00e4nde.","robots":{"index":"index","follow":"follow","max-snippet":"max-snippet:-1","max-image-preview":"max-image-preview:large","max-video-preview":"max-video-preview:-1"},"canonical":"https:\/\/buyck-displays.com\/de\/thekenstaender-mit-festen-einzelhaken-pw065","og_locale":"de_DE","og_type":"article","og_title":"Thekenst\u00e4nder mit festen Einzelhaken - Buyck Displays","og_description":"Thekenst\u00e4nder aus metall mit festen Einzelhaken f\u00fcr blisterpackung, schl\u00fcsselanh\u00e4ngers oder andere kleine Gegenst\u00e4nde.","og_url":"https:\/\/buyck-displays.com\/de\/thekenstaender-mit-festen-einzelhaken-pw065","og_site_name":"Buyck Displays","article_modified_time":"2024-10-17T07:56:56+00:00","og_image":[{"width":1850,"height":2520,"url":"https:\/\/buyck-displays.com\/wp-content\/uploads\/2017\/04\/PW065-1.jpg","type":"image\/jpeg"}],"twitter_card":"summary_large_image","twitter_misc":{"Gesch\u00e4tzte Lesezeit":"1\u00a0Minute"},"schema":{"@context":"https:\/\/schema.org","@graph":[{"@type":"WebPage","@id":"https:\/\/buyck-displays.com\/de\/thekenstaender-mit-festen-einzelhaken-pw065","url":"https:\/\/buyck-displays.com\/de\/thekenstaender-mit-festen-einzelhaken-pw065","name":"Thekenst\u00e4nder mit festen Einzelhaken - Buyck Displays","isPartOf":{"@id":"https:\/\/buyck-displays.com\/de#website"},"primaryImageOfPage":{"@id":"https:\/\/buyck-displays.com\/de\/thekenstaender-mit-festen-einzelhaken-pw065#primaryimage"},"image":{"@id":"https:\/\/buyck-displays.com\/de\/thekenstaender-mit-festen-einzelhaken-pw065#primaryimage"},"thumbnailUrl":"https:\/\/buyck-displays.com\/wp-content\/uploads\/2017\/04\/PW065-1.jpg","datePublished":"2017-04-03T13:13:33+00:00","dateModified":"2024-10-17T07:56:56+00:00","description":"Thekenst\u00e4nder aus metall mit festen Einzelhaken f\u00fcr blisterpackung, schl\u00fcsselanh\u00e4ngers oder andere kleine Gegenst\u00e4nde.","breadcrumb":{"@id":"https:\/\/buyck-displays.com\/de\/thekenstaender-mit-festen-einzelhaken-pw065#breadcrumb"},"inLanguage":"de","potentialAction":[{"@type":"ReadAction","target":["https:\/\/buyck-displays.com\/de\/thekenstaender-mit-festen-einzelhaken-pw065"]}]},{"@type":"ImageObject","inLanguage":"de","@id":"https:\/\/buyck-displays.com\/de\/thekenstaender-mit-festen-einzelhaken-pw065#primaryimage","url":"https:\/\/buyck-displays.com\/wp-content\/uploads\/2017\/04\/PW065-1.jpg","contentUrl":"https:\/\/buyck-displays.com\/wp-content\/uploads\/2017\/04\/PW065-1.jpg","width":1850,"height":2520},{"@type":"BreadcrumbList","@id":"https:\/\/buyck-displays.com\/de\/thekenstaender-mit-festen-einzelhaken-pw065#breadcrumb","itemListElement":[{"@type":"ListItem","position":1,"name":"Home","item":"https:\/\/buyck-displays.com\/de"},{"@type":"ListItem","position":2,"name":"Displays","item":"https:\/\/buyck-displays.com\/de\/produkte"},{"@type":"ListItem","position":3,"name":"Thekenst\u00e4nder mit festen Einzelhaken"}]},{"@type":"WebSite","@id":"https:\/\/buyck-displays.com\/de#website","url":"https:\/\/buyck-displays.com\/de","name":"Buyck Displays","description":"Standaard en Maatwerk Displays","potentialAction":[{"@type":"SearchAction","target":{"@type":"EntryPoint","urlTemplate":"https:\/\/buyck-displays.com\/de?s={search_term_string}"},"query-input":{"@type":"PropertyValueSpecification","valueRequired":true,"valueName":"search_term_string"}}],"inLanguage":"de"}]}},"_links":{"self":[{"href":"https:\/\/buyck-displays.com\/de\/wp-json\/wp\/v2\/product\/54987","targetHints":{"allow":["GET"]}}],"collection":[{"href":"https:\/\/buyck-displays.com\/de\/wp-json\/wp\/v2\/product"}],"about":[{"href":"https:\/\/buyck-displays.com\/de\/wp-json\/wp\/v2\/types\/product"}],"replies":[{"embeddable":true,"href":"https:\/\/buyck-displays.com\/de\/wp-json\/wp\/v2\/comments?post=54987"}],"wp:featuredmedia":[{"embeddable":true,"href":"https:\/\/buyck-displays.com\/de\/wp-json\/wp\/v2\/media\/65956"}],"wp:attachment":[{"href":"https:\/\/buyck-displays.com\/de\/wp-json\/wp\/v2\/media?parent=54987"}],"wp:term":[{"taxonomy":"product_brand","embeddable":true,"href":"https:\/\/buyck-displays.com\/de\/wp-json\/wp\/v2\/product_brand?post=54987"},{"taxonomy":"product_cat","embeddable":true,"href":"https:\/\/buyck-displays.com\/de\/wp-json\/wp\/v2\/product_cat?post=54987"},{"taxonomy":"product_tag","embeddable":true,"href":"https:\/\/buyck-displays.com\/de\/wp-json\/wp\/v2\/product_tag?post=54987"}],"curies":[{"name":"wp","href":"https:\/\/api.w.org\/{rel}","templated":true}]}}